{"id":405,"date":"2025-01-15T00:10:58","date_gmt":"2025-01-14T23:10:58","guid":{"rendered":"https:\/\/mateuszpakula.com\/?page_id=405"},"modified":"2025-02-14T17:04:04","modified_gmt":"2025-02-14T16:04:04","slug":"lem-vs-p-k-dick-galeria","status":"publish","type":"page","link":"https:\/\/mateuszpakula.com\/en\/lem-vs-p-k-dick-galeria\/","title":{"rendered":"Lem vs P.K. Dick | Galeria"},"content":{"rendered":"<p>[et_pb_section fb_built=&#8221;1&#8243; admin_label=&#8221;Page Title Section&#8221; _builder_version=&#8221;4.27.4&#8243; use_background_color_gradient=&#8221;on&#8221; background_color_gradient_direction=&#8221;120deg&#8221; background_color_gradient_stops=&#8221;#000000 0%|rgba(0,0,0,0) 100%&#8221; background_color_gradient_overlays_image=&#8221;on&#8221; background_color_gradient_start=&#8221;#000000&#8243; background_color_gradient_end=&#8221;rgba(0,0,0,0)&#8221; background_image=&#8221;https:\/\/mateuszpakula.com\/wp\/wp-content\/uploads\/2025\/01\/LemvsDick-2-scaled.jpg&#8221; height=&#8221;500px&#8221; custom_padding=&#8221;110px||110px||false|false&#8221; hover_enabled=&#8221;0&#8243; global_colors_info=&#8221;{}&#8221; sticky_enabled=&#8221;0&#8243;][et_pb_row column_structure=&#8221;3_4,1_4&#8243; _builder_version=&#8221;4.27.4&#8243; background_size=&#8221;initial&#8221; background_position=&#8221;top_left&#8221; background_repeat=&#8221;repeat&#8221; global_colors_info=&#8221;{}&#8221;][et_pb_column type=&#8221;3_4&#8243; _builder_version=&#8221;4.27.4&#8243; custom_padding=&#8221;|||&#8221; global_colors_info=&#8221;{}&#8221; custom_padding__hover=&#8221;|||&#8221;][et_pb_text admin_label=&#8221;Title&#8221; _builder_version=&#8221;4.16&#8243; text_font=&#8221;||||||||&#8221; header_font_size=&#8221;60px&#8221; header_2_font=&#8221;||||||||&#8221; header_2_font_size=&#8221;60px&#8221; background_layout=&#8221;dark&#8221; custom_margin=&#8221;||20px|&#8221; custom_padding=&#8221;|||&#8221; animation_style=&#8221;fade&#8221; header_font_size_tablet=&#8221;&#8221; header_font_size_phone=&#8221;40px&#8221; header_font_size_last_edited=&#8221;on|phone&#8221; global_colors_info=&#8221;{}&#8221;]<\/p>\n<h1>Lem vs P.K. Dick\u00a0<\/h1>\n<p>&nbsp;<\/p>\n<p>&nbsp;<\/p>\n<p>&nbsp;<\/p>\n<p>&nbsp;<\/p>\n<p>&nbsp;<\/p>\n<p>[\/et_pb_text][\/et_pb_column][et_pb_column type=&#8221;1_4&#8243; _builder_version=&#8221;4.16&#8243; custom_padding=&#8221;|||&#8221; global_colors_info=&#8221;{}&#8221; custom_padding__hover=&#8221;|||&#8221;][\/et_pb_column][\/et_pb_row][\/et_pb_section][et_pb_section fb_built=&#8221;1&#8243; admin_label=&#8221;Classes Section&#8221; _builder_version=&#8221;4.27.4&#8243; background_color=&#8221;#efe9e4&#8243; custom_padding=&#8221;91px||91px|&#8221; global_colors_info=&#8221;{}&#8221;][et_pb_row make_equal=&#8221;on&#8221; admin_label=&#8221;Classes Area&#8221; _builder_version=&#8221;4.27.4&#8243; max_width=&#8221;1440px&#8221; use_custom_width=&#8221;on&#8221; custom_width_px=&#8221;1440px&#8221; locked=&#8221;off&#8221; global_colors_info=&#8221;{}&#8221;][et_pb_column type=&#8221;4_4&#8243; _builder_version=&#8221;4.27.4&#8243; background_color=&#8221;RGBA(255,255,255,0)&#8221; custom_padding=&#8221;|||&#8221; global_colors_info=&#8221;{}&#8221; custom_padding__hover=&#8221;|||&#8221;][et_pb_text _builder_version=&#8221;4.27.4&#8243; text_font=&#8221;Poppins||||||||&#8221; text_font_size=&#8221;18px&#8221; text_line_height=&#8221;1.8em&#8221; header_font=&#8221;||||||||&#8221; header_3_font=&#8221;||||||||&#8221; animation_style=&#8221;fade&#8221; locked=&#8221;off&#8221; global_colors_info=&#8221;{}&#8221;]<\/p>\n<h3>Bilety i opis spektaklu:<\/h3>\n<p><a href=\"https:\/\/www.laznianowa.pl\/spektakl\/lem-vs-pk-dick\" target=\"_blank\" rel=\"noopener\">https:\/\/www.laznianowa.pl\/spektakl\/lem-vs-pk-dick<\/a><\/p>\n<p>[\/et_pb_text][et_pb_text _builder_version=&#8221;4.27.4&#8243; text_font=&#8221;Poppins||||||||&#8221; text_font_size=&#8221;18px&#8221; text_line_height=&#8221;1.8em&#8221; header_font=&#8221;||||||||&#8221; header_3_font=&#8221;||||||||&#8221; animation_style=&#8221;fade&#8221; locked=&#8221;off&#8221; global_colors_info=&#8221;{}&#8221;]<\/p>\n<p>Jeste\u015bmy w\u00a0kosmosie, o\u00a0czym \u015bwiadcz\u0105 swobodnie rozrzucone kawa\u0142ki meteoryt\u00f3w. Czas si\u0119 zatrzymuje, a\u00a0raczej zaczyna p\u0142yn\u0105\u0107 zupe\u0142nie inaczej, co potwierdzaj\u0105 zniekszta\u0142cone d\u017awi\u0119ki s\u0142ynnego \u201eNever Ending Story\u201d. Gdy Limahl sko\u0144czy \u015bpiewa\u0107 sw\u00f3j melancholijny song, stan\u0105 przed nami dwaj giganci literatury: Stanis\u0142aw Lem i\u00a0Philip K. Dick. Zaczn\u0105 rozmawia\u0107, a\u00a0my staniemy si\u0119 \u015bwiadkami jednego z\u00a0najbardziej pasjonuj\u0105cych spotka\u0144 w\u00a0historii science-fiction, kt\u00f3re nigdy si\u0119 nie odby\u0142o.<\/p>\n<p>Kto si\u0119 tu w\u0142a\u015bciwie spotyka? Dw\u00f3ch m\u0119\u017cczyzn, dw\u00f3ch wybitnych pisarzy, cz\u0142owiek Wschodu z\u00a0cz\u0142owiekiem Zachodu czy mo\u017ce dwie persony, b\u0119d\u0105ce emanacjami wszystkiego, co sobie o\u00a0nich wyobra\u017cono, napisano, pomy\u015blano?<\/p>\n<p>Dzi\u0119ki brawurowym kreacjom Tomasza Schuchardta i\u00a0Jana Jurkowskiego staj\u0105 si\u0119 wszystkimi tymi postaciami naraz. Obaj aktorzy z\u00a0niezwyk\u0142ym wyczuciem i\u00a0empati\u0105 wcielaj\u0105 si\u0119 w\u00a0gigant\u00f3w literatury, skupiaj\u0105c si\u0119 przede wszystkim na ich wn\u0119trzu i\u00a0relacji, kt\u00f3ra nieoczekiwanie si\u0119 mi\u0119dzy nimi buduje. Czy wydarzy\u0142a si\u0119 ona naprawd\u0119? Czy jest tylko wizj\u0105 Mateusza Paku\u0142y, autora dramatu i\u00a0re\u017cysera, kt\u00f3ry prowadzi swoich bohater\u00f3w w\u00a0taki spos\u00f3b, \u017ce bezwarunkowo pod\u0105\u017camy za ich opowie\u015bci\u0105?<\/p>\n<p>W spektaklu \u201eLem vs. P.K. Dick\u201d sko\u0144czona historia korespondencji dw\u00f3ch pisarzy science-fiction rozrasta si\u0119 w\u00a0nieko\u0144cz\u0105c\u0105 si\u0119 opowie\u015b\u0107 o\u00a0ludzkim niespe\u0142nieniu. Dzi\u0119ki magii teatru mo\u017cemy wyruszy\u0107 w\u00a0t\u0119 podr\u00f3\u017c razem z\u00a0nimi.<\/p>\n<p>[\/et_pb_text][\/et_pb_column][\/et_pb_row][et_pb_row make_equal=&#8221;on&#8221; admin_label=&#8221;Classes Area&#8221; _builder_version=&#8221;4.27.4&#8243; max_width=&#8221;1440px&#8221; use_custom_width=&#8221;on&#8221; custom_width_px=&#8221;1440px&#8221; global_colors_info=&#8221;{}&#8221;][et_pb_column type=&#8221;4_4&#8243; _builder_version=&#8221;4.27.4&#8243; background_color=&#8221;#FFFFFF&#8221; custom_padding=&#8221;|||&#8221; global_colors_info=&#8221;{}&#8221; custom_padding__hover=&#8221;|||&#8221;][et_pb_gallery gallery_ids=&#8221;477,476,475,474,472,473,471,470,469,468,467,466,465,464,463,462,461,460,459,458,457,456,455,454,453,452,451,450,449,448,447,446,445,444,443,442,441,440,439,438,437,436,435,434,433,432,431,430,429,428,427,426&#8243; posts_number=&#8221;24&#8243; show_title_and_caption=&#8221;off&#8221; hover_icon=&#8221;&#xe005;||divi||400&#8243; _builder_version=&#8221;4.27.4&#8243; _module_preset=&#8221;default&#8221; pagination_font=&#8221;Poppins|600|||||||&#8221; pagination_line_height=&#8221;1.8em&#8221; custom_padding=&#8221;40px|40px|40px|40px|false|false&#8221; global_colors_info=&#8221;{}&#8221;][\/et_pb_gallery][\/et_pb_column][\/et_pb_row][\/et_pb_section]<\/p>\n","protected":false},"excerpt":{"rendered":"<p>Spektakl Mateusza Paku\u0142y z 2020 r. Jeste\u015bmy w\u00a0kosmosie, o\u00a0czym \u015bwiadcz\u0105 swobodnie rozrzucone kawa\u0142ki meteoryt\u00f3w. Czas si\u0119 zatrzymuje, a\u00a0raczej zaczyna p\u0142yn\u0105\u0107 zupe\u0142nie inaczej, co potwierdzaj\u0105 zniekszta\u0142cone d\u017awi\u0119ki s\u0142ynnego \u201eNever Ending Story\u201d. Gdy Limahl sko\u0144czy \u015bpiewa\u0107 sw\u00f3j melancholijny song, stan\u0105 przed nami dwaj giganci literatury: Stanis\u0142aw Lem i\u00a0Philip K. Dick. Zaczn\u0105 rozmawia\u0107, a\u00a0my staniemy si\u0119 \u015bwiadkami jednego z\u00a0najbardziej pasjonuj\u0105cych spotka\u0144 w\u00a0historii science-fiction, kt\u00f3re nigdy si\u0119 nie odby\u0142o.<\/p>","protected":false},"author":1,"featured_media":0,"parent":0,"menu_order":0,"comment_status":"closed","ping_status":"closed","template":"","meta":{"_et_pb_use_builder":"on","_et_pb_old_content":"","_et_gb_content_width":"","footnotes":""},"class_list":["post-405","page","type-page","status-publish","hentry"],"aioseo_notices":[],"_links":{"self":[{"href":"https:\/\/mateuszpakula.com\/en\/wp-json\/wp\/v2\/pages\/405","targetHints":{"allow":["GET"]}}],"collection":[{"href":"https:\/\/mateuszpakula.com\/en\/wp-json\/wp\/v2\/pages"}],"about":[{"href":"https:\/\/mateuszpakula.com\/en\/wp-json\/wp\/v2\/types\/page"}],"author":[{"embeddable":true,"href":"https:\/\/mateuszpakula.com\/en\/wp-json\/wp\/v2\/users\/1"}],"replies":[{"embeddable":true,"href":"https:\/\/mateuszpakula.com\/en\/wp-json\/wp\/v2\/comments?post=405"}],"version-history":[{"count":12,"href":"https:\/\/mateuszpakula.com\/en\/wp-json\/wp\/v2\/pages\/405\/revisions"}],"predecessor-version":[{"id":875,"href":"https:\/\/mateuszpakula.com\/en\/wp-json\/wp\/v2\/pages\/405\/revisions\/875"}],"wp:attachment":[{"href":"https:\/\/mateuszpakula.com\/en\/wp-json\/wp\/v2\/media?parent=405"}],"curies":[{"name":"wp","href":"https:\/\/api.w.org\/{rel}","templated":true}]}}