{"id":919,"date":"2025-06-13T23:49:07","date_gmt":"2025-06-13T22:49:07","guid":{"rendered":"https:\/\/mateuszpakula.com\/?page_id=919"},"modified":"2025-06-14T00:09:21","modified_gmt":"2025-06-13T23:09:21","slug":"skora-po-dziadku","status":"publish","type":"page","link":"https:\/\/mateuszpakula.com\/en\/skora-po-dziadku\/","title":{"rendered":"Sk\u00f3ra po dziadku (2025) | Galeria"},"content":{"rendered":"<p>[et_pb_section fb_built=&#8221;1&#8243; admin_label=&#8221;Page Title Section&#8221; _builder_version=&#8221;4.27.4&#8243; use_background_color_gradient=&#8221;on&#8221; background_color_gradient_direction=&#8221;120deg&#8221; background_color_gradient_stops=&#8221;#000000 0%|rgba(0,0,0,0) 100%&#8221; background_color_gradient_overlays_image=&#8221;on&#8221; background_color_gradient_start=&#8221;#000000&#8243; background_color_gradient_end=&#8221;rgba(0,0,0,0)&#8221; background_image=&#8221;https:\/\/mateuszpakula.com\/wp\/wp-content\/uploads\/2025\/06\/Spektakl-Skora-po-dziadku-1000017879.jpg&#8221; height=&#8221;500px&#8221; custom_padding=&#8221;110px||150px||false|false&#8221; global_colors_info=&#8221;{}&#8221;][et_pb_row column_structure=&#8221;2_3,1_3&#8243; _builder_version=&#8221;4.16&#8243; background_size=&#8221;initial&#8221; background_position=&#8221;top_left&#8221; background_repeat=&#8221;repeat&#8221; global_colors_info=&#8221;{}&#8221;][et_pb_column type=&#8221;2_3&#8243; _builder_version=&#8221;4.16&#8243; custom_padding=&#8221;|||&#8221; global_colors_info=&#8221;{}&#8221; custom_padding__hover=&#8221;|||&#8221;][et_pb_text admin_label=&#8221;Title&#8221; _builder_version=&#8221;4.16&#8243; text_font=&#8221;||||||||&#8221; header_font_size=&#8221;60px&#8221; header_2_font=&#8221;||||||||&#8221; header_2_font_size=&#8221;60px&#8221; background_layout=&#8221;dark&#8221; custom_margin=&#8221;||20px|&#8221; custom_padding=&#8221;|||&#8221; animation_style=&#8221;fade&#8221; header_font_size_tablet=&#8221;&#8221; header_font_size_phone=&#8221;40px&#8221; header_font_size_last_edited=&#8221;on|phone&#8221; global_colors_info=&#8221;{}&#8221;]<\/p>\n<h1>Sk\u00f3ra po dziadku<\/h1>\n<p>&nbsp;<\/p>\n<p>&nbsp;<\/p>\n<p>&nbsp;<\/p>\n<p>&nbsp;<\/p>\n<p>[\/et_pb_text][\/et_pb_column][et_pb_column type=&#8221;1_3&#8243; _builder_version=&#8221;4.16&#8243; custom_padding=&#8221;|||&#8221; global_colors_info=&#8221;{}&#8221; custom_padding__hover=&#8221;|||&#8221;][\/et_pb_column][\/et_pb_row][\/et_pb_section][et_pb_section fb_built=&#8221;1&#8243; admin_label=&#8221;Classes Section&#8221; _builder_version=&#8221;4.27.4&#8243; background_color=&#8221;#efe9e4&#8243; custom_padding=&#8221;91px||91px|&#8221; global_colors_info=&#8221;{}&#8221;][et_pb_row make_equal=&#8221;on&#8221; admin_label=&#8221;Classes Area&#8221; _builder_version=&#8221;4.27.4&#8243; max_width=&#8221;1440px&#8221; use_custom_width=&#8221;on&#8221; custom_width_px=&#8221;1440px&#8221; locked=&#8221;off&#8221; global_colors_info=&#8221;{}&#8221;][et_pb_column type=&#8221;4_4&#8243; _builder_version=&#8221;4.27.4&#8243; background_color=&#8221;RGBA(255,255,255,0)&#8221; custom_padding=&#8221;|||&#8221; global_colors_info=&#8221;{}&#8221; custom_padding__hover=&#8221;|||&#8221;][et_pb_text _builder_version=&#8221;4.27.4&#8243; text_font=&#8221;Poppins||||||||&#8221; text_font_size=&#8221;18px&#8221; text_line_height=&#8221;1.8em&#8221; header_font=&#8221;||||||||&#8221; header_3_font=&#8221;||||||||&#8221; animation_style=&#8221;fade&#8221; locked=&#8221;off&#8221; global_colors_info=&#8221;{}&#8221;]<\/p>\n<h3>Bilety i opis spektaklu:<\/h3>\n<p><a href=\"https:\/\/www.laznianowa.pl\/spektakl\/skora-po-dziadku\" target=\"_blank\" rel=\"noopener\">https:\/\/www.laznianowa.pl\/spektakl\/skora-po-dziadku<\/a><\/p>\n<p><a href=\"https:\/\/teatrzeromskiego.pl\/spektakle\/skora-po-dziadku\/\" target=\"_blank\" rel=\"noopener\">https:\/\/teatrzeromskiego.pl\/spektakle\/skora-po-dziadku\/<\/a><\/p>\n<p>[\/et_pb_text][et_pb_text _builder_version=&#8221;4.27.4&#8243; text_font=&#8221;Poppins||||||||&#8221; text_font_size=&#8221;18px&#8221; text_line_height=&#8221;1.8em&#8221; header_font=&#8221;||||||||&#8221; header_3_font=&#8221;||||||||&#8221; animation_style=&#8221;fade&#8221; locked=&#8221;off&#8221; global_colors_info=&#8221;{}&#8221;]<\/p>\n<p>\u201eSk\u00f3ra po dziadku\u201d jest adaptacj\u0105 drugiej powie\u015bci Mateusza Paku\u0142y, kt\u00f3rego debiut prozatorski \u201eJak nie zabi\u0142em swojego ojca i\u00a0jak bardzo tego \u017ca\u0142uj\u0119\u201d sta\u0142 si\u0119 najpierw literack\u0105, a\u00a0potem teatraln\u0105 sensacj\u0105. Paku\u0142a ponownie si\u0119ga do rodzinnej historii, tym razem jednak przenosimy si\u0119 z\u00a0nim do epicentrum stalinizmu, pocz\u0105tku lat 50., gdy jego nastoletni dziadek za szczeniacki wybryk trafia do kieleckiej katowni. Kto go z\u00a0niej wyci\u0105gn\u0105\u0142 i\u00a0dlaczego? Jaki zwi\u0105zek z\u00a0tym wydarzeniem mia\u0142a wojna, Holokaust i\u00a0pogrom kielecki?<\/p>\n<p>\u201eZanim si\u0119 dowiedzia\u0142em, kim w\u0142a\u015bciwie s\u0105 \u017bydzi, ju\u017c by\u0142em antysemit\u0105\u201d, zaczyna swoj\u0105 opowie\u015b\u0107 Mateusz Paku\u0142a, si\u0119gaj\u0105c do historii rodzinnego miasta \u2013 Kielc, w\u00a0kt\u00f3rym 4 lipca 1946 roku dosz\u0142o do pogromu \u017byd\u00f3w. Czy mo\u017cna odziedziczy\u0107 pami\u0119\u0107? Czy mo\u017cna odziedziczy\u0107 win\u0119? Co si\u0119 dzieje z\u00a0histori\u0105, kiedy ci, kt\u00f3rzy j\u0105 prze\u017cyli, odchodz\u0105, a\u00a0na ich miejsce wchodz\u0105 kolejne pokolenia, obci\u0105\u017cone milczeniem? To tylko cz\u0119\u015b\u0107 pyta\u0144, z\u00a0kt\u00f3rymi mierzy si\u0119 re\u017cyser \u201eJak nie zabi\u0142em swojego ojca\u2026\u201d w\u00a0swoim najnowszym spektaklu.<\/p>\n<p>[\/et_pb_text][\/et_pb_column][\/et_pb_row][et_pb_row make_equal=&#8221;on&#8221; admin_label=&#8221;Classes Area&#8221; _builder_version=&#8221;4.27.4&#8243; max_width=&#8221;1440px&#8221; use_custom_width=&#8221;on&#8221; custom_width_px=&#8221;1440px&#8221; global_colors_info=&#8221;{}&#8221;][et_pb_column type=&#8221;4_4&#8243; _builder_version=&#8221;4.27.4&#8243; background_color=&#8221;#FFFFFF&#8221; custom_padding=&#8221;|||&#8221; global_colors_info=&#8221;{}&#8221; custom_padding__hover=&#8221;|||&#8221;][et_pb_gallery gallery_ids=&#8221;916,915,914,913,912,911,910,909,908,907,899&#8243; posts_number=&#8221;25&#8243; show_title_and_caption=&#8221;off&#8221; hover_icon=&#8221;&#xe005;||divi||400&#8243; _builder_version=&#8221;4.27.4&#8243; _module_preset=&#8221;default&#8221; pagination_font=&#8221;Poppins|600|||||||&#8221; pagination_line_height=&#8221;1.8em&#8221; custom_padding=&#8221;40px|40px|40px|40px|false|false&#8221; global_colors_info=&#8221;{}&#8221;][\/et_pb_gallery][\/et_pb_column][\/et_pb_row][\/et_pb_section]<\/p>\n","protected":false},"excerpt":{"rendered":"<p>Sk\u00f3ra po dziadku &nbsp; &nbsp; &nbsp; &nbsp;Bilety i opis spektaklu: https:\/\/www.laznianowa.pl\/spektakl\/skora-po-dziadku https:\/\/teatrzeromskiego.pl\/spektakle\/skora-po-dziadku\/\u201eSk\u00f3ra po dziadku\u201d jest adaptacj\u0105 drugiej powie\u015bci Mateusza Paku\u0142y, kt\u00f3rego debiut prozatorski \u201eJak nie zabi\u0142em swojego ojca i\u00a0jak bardzo tego \u017ca\u0142uj\u0119\u201d sta\u0142 si\u0119 najpierw literack\u0105, a\u00a0potem teatraln\u0105 sensacj\u0105. Paku\u0142a ponownie si\u0119ga do rodzinnej historii, tym razem jednak przenosimy si\u0119 z\u00a0nim do epicentrum stalinizmu, pocz\u0105tku [&hellip;]<\/p>\n","protected":false},"author":1,"featured_media":0,"parent":0,"menu_order":0,"comment_status":"closed","ping_status":"closed","template":"","meta":{"_et_pb_use_builder":"on","_et_pb_old_content":"","_et_gb_content_width":"","footnotes":""},"class_list":["post-919","page","type-page","status-publish","hentry"],"aioseo_notices":[],"_links":{"self":[{"href":"https:\/\/mateuszpakula.com\/en\/wp-json\/wp\/v2\/pages\/919","targetHints":{"allow":["GET"]}}],"collection":[{"href":"https:\/\/mateuszpakula.com\/en\/wp-json\/wp\/v2\/pages"}],"about":[{"href":"https:\/\/mateuszpakula.com\/en\/wp-json\/wp\/v2\/types\/page"}],"author":[{"embeddable":true,"href":"https:\/\/mateuszpakula.com\/en\/wp-json\/wp\/v2\/users\/1"}],"replies":[{"embeddable":true,"href":"https:\/\/mateuszpakula.com\/en\/wp-json\/wp\/v2\/comments?post=919"}],"version-history":[{"count":8,"href":"https:\/\/mateuszpakula.com\/en\/wp-json\/wp\/v2\/pages\/919\/revisions"}],"predecessor-version":[{"id":933,"href":"https:\/\/mateuszpakula.com\/en\/wp-json\/wp\/v2\/pages\/919\/revisions\/933"}],"wp:attachment":[{"href":"https:\/\/mateuszpakula.com\/en\/wp-json\/wp\/v2\/media?parent=919"}],"curies":[{"name":"wp","href":"https:\/\/api.w.org\/{rel}","templated":true}]}}